{"id":3106,"date":"2024-08-29T07:17:29","date_gmt":"2024-08-29T07:17:29","guid":{"rendered":"https:\/\/www.latteriaturnaria.it\/?post_type=product&#038;p=3106"},"modified":"2024-08-29T09:04:06","modified_gmt":"2024-08-29T09:04:06","slug":"bio-balsamico-essig-copia-2","status":"publish","type":"product","link":"https:\/\/www.latteriaturnaria.it\/de\/produkt\/bio-balsamico-essig-copia-2\/","title":{"rendered":"Bio Balsamico Essig"},"content":{"rendered":"<p>In jedem Tropfen dieses Bio-Balsamico-Essigs aus Modena spiegelt sich die kulinarische Kunst der authentischsten Traditionen wider. Seine klare, helle Pr\u00e4senz im Glas l\u00e4sst ein au\u00dfergew\u00f6hnliches sensorisches Erlebnis erwarten. Sein zarter Duft l\u00e4dt die Sinne auf eine Reise der feinen Aromen ein, w\u00e4hrend seine angenehme und anhaltende S\u00e4ure den Gaumen anmutig umh\u00fcllt.<\/p>\n<p>Die intensive braune Farbe, der leicht essigartige Geruch und die holzigen Noten verleihen diesem Essig eine einzigartige Pers\u00f6nlichkeit. Er ist der perfekte Begleiter f\u00fcr frische Salate, gegrilltes Gem\u00fcse und Delikatessen wie Parmesank\u00e4se, aber auch zum Verfeinern von Obstsalaten.<\/p>\n<p>Dieser Bio-Balsamico-Essig aus Modena ist viel mehr als ein Gew\u00fcrz, er ist eine Hommage an die Handwerkskunst und die Authentizit\u00e4t des Landes. Eine kulinarische Wahl, die jedes Gericht in ein unvergessliches Gourmet-Erlebnis verwandelt.<\/p>\n","protected":false},"excerpt":{"rendered":"<p>In jedem Tropfen dieses Bio-Balsamico-Essigs aus Modena spiegelt sich die  [&#8230;]<\/p>\n","protected":false},"featured_media":3110,"comment_status":"closed","ping_status":"closed","template":"","meta":{"_acf_changed":false},"product_brand":[],"product_cat":[151],"product_tag":[],"class_list":{"0":"post-3106","1":"product","2":"type-product","3":"status-publish","4":"has-post-thumbnail","6":"product_cat-essig","8":"first","9":"instock","10":"taxable","11":"shipping-taxable","12":"purchasable","13":"product-type-simple"},"acf":[],"_links":{"self":[{"href":"https:\/\/www.latteriaturnaria.it\/de\/wp-json\/wp\/v2\/product\/3106","targetHints":{"allow":["GET"]}}],"collection":[{"href":"https:\/\/www.latteriaturnaria.it\/de\/wp-json\/wp\/v2\/product"}],"about":[{"href":"https:\/\/www.latteriaturnaria.it\/de\/wp-json\/wp\/v2\/types\/product"}],"replies":[{"embeddable":true,"href":"https:\/\/www.latteriaturnaria.it\/de\/wp-json\/wp\/v2\/comments?post=3106"}],"wp:featuredmedia":[{"embeddable":true,"href":"https:\/\/www.latteriaturnaria.it\/de\/wp-json\/wp\/v2\/media\/3110"}],"wp:attachment":[{"href":"https:\/\/www.latteriaturnaria.it\/de\/wp-json\/wp\/v2\/media?parent=3106"}],"wp:term":[{"taxonomy":"product_brand","embeddable":true,"href":"https:\/\/www.latteriaturnaria.it\/de\/wp-json\/wp\/v2\/product_brand?post=3106"},{"taxonomy":"product_cat","embeddable":true,"href":"https:\/\/www.latteriaturnaria.it\/de\/wp-json\/wp\/v2\/product_cat?post=3106"},{"taxonomy":"product_tag","embeddable":true,"href":"https:\/\/www.latteriaturnaria.it\/de\/wp-json\/wp\/v2\/product_tag?post=3106"}],"curies":[{"name":"wp","href":"https:\/\/api.w.org\/{rel}","templated":true}]}}