{"id":3114,"date":"2024-08-29T08:24:21","date_gmt":"2024-08-29T08:24:21","guid":{"rendered":"https:\/\/www.latteriaturnaria.it\/?post_type=product&#038;p=3114"},"modified":"2024-08-29T09:12:10","modified_gmt":"2024-08-29T09:12:10","slug":"bio-balsamico-essig-copia-3","status":"publish","type":"product","link":"https:\/\/www.latteriaturnaria.it\/de\/produkt\/bio-balsamico-essig-copia-3\/","title":{"rendered":"Wei\u00dfes Bio-Balsamico-W\u00fcrzmittel"},"content":{"rendered":"<p>In jedem Tropfen dieses wei\u00dfen Bio-Balsamico-Dressings steckt eine Welt voller zarter und raffinierter Aromen. Gewonnen aus der geschickten Verbindung von Most und wei\u00dfem Trebbiano-Traubenessig, bietet dieses Dressing eine harmonische und ausgewogene Struktur, die den Gaumen mit ihrer s\u00fc\u00df-sauren Note erfreut.<\/p>\n<p>Es ist die magische Note, die Salate zu gastronomischen Kunstwerken macht und gegrilltem Gem\u00fcse eine Geschmacksexplosion verleiht. Aber das ist noch nicht alles: Seine Vielseitigkeit erreicht ihren H\u00f6hepunkt, wenn man ihn l\u00f6ffelweise verzehrt und ein intensives und befriedigendes Geschmackserlebnis hat. Als Ode an die biologische Vielfalt verwandelt dieses Bio-Gew\u00fcrz jedes Gericht in ein kulinarisches Meisterwerk und bietet ein gastronomisches Erlebnis, das weit \u00fcber ein einfaches Gew\u00fcrz hinausgeht.<\/p>\n","protected":false},"excerpt":{"rendered":"<p>In jedem Tropfen dieses wei\u00dfen Bio-Balsamico-Dressings steckt eine Welt voller  [&#8230;]<\/p>\n","protected":false},"featured_media":3118,"comment_status":"closed","ping_status":"closed","template":"","meta":{"_acf_changed":false},"product_brand":[],"product_cat":[151],"product_tag":[],"class_list":{"0":"post-3114","1":"product","2":"type-product","3":"status-publish","4":"has-post-thumbnail","6":"product_cat-essig","8":"first","9":"instock","10":"taxable","11":"shipping-taxable","12":"purchasable","13":"product-type-simple"},"acf":[],"_links":{"self":[{"href":"https:\/\/www.latteriaturnaria.it\/de\/wp-json\/wp\/v2\/product\/3114","targetHints":{"allow":["GET"]}}],"collection":[{"href":"https:\/\/www.latteriaturnaria.it\/de\/wp-json\/wp\/v2\/product"}],"about":[{"href":"https:\/\/www.latteriaturnaria.it\/de\/wp-json\/wp\/v2\/types\/product"}],"replies":[{"embeddable":true,"href":"https:\/\/www.latteriaturnaria.it\/de\/wp-json\/wp\/v2\/comments?post=3114"}],"wp:featuredmedia":[{"embeddable":true,"href":"https:\/\/www.latteriaturnaria.it\/de\/wp-json\/wp\/v2\/media\/3118"}],"wp:attachment":[{"href":"https:\/\/www.latteriaturnaria.it\/de\/wp-json\/wp\/v2\/media?parent=3114"}],"wp:term":[{"taxonomy":"product_brand","embeddable":true,"href":"https:\/\/www.latteriaturnaria.it\/de\/wp-json\/wp\/v2\/product_brand?post=3114"},{"taxonomy":"product_cat","embeddable":true,"href":"https:\/\/www.latteriaturnaria.it\/de\/wp-json\/wp\/v2\/product_cat?post=3114"},{"taxonomy":"product_tag","embeddable":true,"href":"https:\/\/www.latteriaturnaria.it\/de\/wp-json\/wp\/v2\/product_tag?post=3114"}],"curies":[{"name":"wp","href":"https:\/\/api.w.org\/{rel}","templated":true}]}}