{"id":3164,"date":"2024-08-30T07:23:16","date_gmt":"2024-08-30T07:23:16","guid":{"rendered":"https:\/\/www.latteriaturnaria.it\/?post_type=product&#038;p=3164"},"modified":"2024-08-30T09:38:13","modified_gmt":"2024-08-30T09:38:13","slug":"rosso-dei-poderi-sangiovese-toscana-igt-copia-2","status":"publish","type":"product","link":"https:\/\/www.latteriaturnaria.it\/de\/produkt\/rosso-dei-poderi-sangiovese-toscana-igt-copia-2\/","title":{"rendered":"&#8222;Animante&#8220; Franciacorta"},"content":{"rendered":"<p>Er repr\u00e4sentiert die Seele des Barone Pizzini, denn er verk\u00f6rpert die lebendige Natur aller seiner Weinberge. Er wurde geschaffen, um den langen und bahnbrechenden Weg der Erneuerung im Weinberg und im Keller zu kr\u00f6nen, der Barone Pizzini zum Primogenitur der biologischen Erfahrung in Franciacorta gemacht hat.<\/p>\n<p>Animante ist ein \u201eBio-Wein\u201c, das Ergebnis einer Entscheidung f\u00fcr Arbeitsmethoden im Weinberg und im Keller, die darauf abzielen, eine maximale Repr\u00e4sentation des Gebiets zu gew\u00e4hrleisten. Im Weinberg werden nur Substanzen nat\u00fcrlichen Ursprungs verwendet. Dar\u00fcber hinaus wird die Biodiversit\u00e4t gef\u00f6rdert, um ein Gleichgewicht zwischen allen Lebensformen, Pflanzen und Tieren, zu erm\u00f6glichen.<\/p>\n","protected":false},"excerpt":{"rendered":"<p>Er repr\u00e4sentiert die Seele des Barone Pizzini, denn er verk\u00f6rpert  [&#8230;]<\/p>\n","protected":false},"featured_media":3168,"comment_status":"closed","ping_status":"closed","template":"","meta":{"_acf_changed":false},"product_brand":[],"product_cat":[85],"product_tag":[],"class_list":{"0":"post-3164","1":"product","2":"type-product","3":"status-publish","4":"has-post-thumbnail","6":"product_cat-likoere-und-weine-aus-tignale","8":"first","9":"instock","10":"taxable","11":"shipping-taxable","12":"purchasable","13":"product-type-simple"},"acf":[],"_links":{"self":[{"href":"https:\/\/www.latteriaturnaria.it\/de\/wp-json\/wp\/v2\/product\/3164","targetHints":{"allow":["GET"]}}],"collection":[{"href":"https:\/\/www.latteriaturnaria.it\/de\/wp-json\/wp\/v2\/product"}],"about":[{"href":"https:\/\/www.latteriaturnaria.it\/de\/wp-json\/wp\/v2\/types\/product"}],"replies":[{"embeddable":true,"href":"https:\/\/www.latteriaturnaria.it\/de\/wp-json\/wp\/v2\/comments?post=3164"}],"wp:featuredmedia":[{"embeddable":true,"href":"https:\/\/www.latteriaturnaria.it\/de\/wp-json\/wp\/v2\/media\/3168"}],"wp:attachment":[{"href":"https:\/\/www.latteriaturnaria.it\/de\/wp-json\/wp\/v2\/media?parent=3164"}],"wp:term":[{"taxonomy":"product_brand","embeddable":true,"href":"https:\/\/www.latteriaturnaria.it\/de\/wp-json\/wp\/v2\/product_brand?post=3164"},{"taxonomy":"product_cat","embeddable":true,"href":"https:\/\/www.latteriaturnaria.it\/de\/wp-json\/wp\/v2\/product_cat?post=3164"},{"taxonomy":"product_tag","embeddable":true,"href":"https:\/\/www.latteriaturnaria.it\/de\/wp-json\/wp\/v2\/product_tag?post=3164"}],"curies":[{"name":"wp","href":"https:\/\/api.w.org\/{rel}","templated":true}]}}