{"id":3831,"date":"2026-05-04T12:24:05","date_gmt":"2026-05-04T12:24:05","guid":{"rendered":"https:\/\/www.latteriaturnaria.it\/?post_type=product&#038;p=3831"},"modified":"2026-05-04T13:20:49","modified_gmt":"2026-05-04T13:20:49","slug":"la-meridiana-garda-doc-marzemino-biologisch","status":"publish","type":"product","link":"https:\/\/www.latteriaturnaria.it\/de\/produkt\/la-meridiana-garda-doc-marzemino-biologisch\/","title":{"rendered":"La Meridiana \u2013 Garda DOC Marzemino, BIOLOGISCH"},"content":{"rendered":"<p>Aus Weinbergen, die von den Winden des <span class=\"hover:entity-accent entity-underline inline cursor-pointer align-baseline\"><span class=\"whitespace-normal\">Gardasee<\/span><\/span> umschmeichelt werden, entsteht der Marzemino von La Meridiana \u2013 ein reiner Ausdruck des Terroirs der <span class=\"hover:entity-accent entity-underline inline cursor-pointer align-baseline\"><span class=\"whitespace-normal\">Valtenesi<\/span><\/span>. Ein au\u00dfergew\u00f6hnlicher Rotwein, der die Frische kleiner roter Fr\u00fcchte mit authentischer Nachhaltigkeit vereint und nat\u00fcrliche Eleganz sowie Respekt f\u00fcr die Erde ins Glas bringt.<\/p>\n","protected":false},"excerpt":{"rendered":"<p>Aus Weinbergen, die von den Winden des Gardasee umschmeichelt werden,  [&#8230;]<\/p>\n","protected":false},"featured_media":3853,"comment_status":"closed","ping_status":"closed","template":"","meta":{"_acf_changed":false},"product_brand":[],"product_cat":[85],"product_tag":[],"class_list":{"0":"post-3831","1":"product","2":"type-product","3":"status-publish","4":"has-post-thumbnail","6":"product_cat-likoere-und-weine-aus-tignale","8":"first","9":"instock","10":"taxable","11":"shipping-taxable","12":"purchasable","13":"product-type-simple"},"acf":[],"_links":{"self":[{"href":"https:\/\/www.latteriaturnaria.it\/de\/wp-json\/wp\/v2\/product\/3831","targetHints":{"allow":["GET"]}}],"collection":[{"href":"https:\/\/www.latteriaturnaria.it\/de\/wp-json\/wp\/v2\/product"}],"about":[{"href":"https:\/\/www.latteriaturnaria.it\/de\/wp-json\/wp\/v2\/types\/product"}],"replies":[{"embeddable":true,"href":"https:\/\/www.latteriaturnaria.it\/de\/wp-json\/wp\/v2\/comments?post=3831"}],"wp:featuredmedia":[{"embeddable":true,"href":"https:\/\/www.latteriaturnaria.it\/de\/wp-json\/wp\/v2\/media\/3853"}],"wp:attachment":[{"href":"https:\/\/www.latteriaturnaria.it\/de\/wp-json\/wp\/v2\/media?parent=3831"}],"wp:term":[{"taxonomy":"product_brand","embeddable":true,"href":"https:\/\/www.latteriaturnaria.it\/de\/wp-json\/wp\/v2\/product_brand?post=3831"},{"taxonomy":"product_cat","embeddable":true,"href":"https:\/\/www.latteriaturnaria.it\/de\/wp-json\/wp\/v2\/product_cat?post=3831"},{"taxonomy":"product_tag","embeddable":true,"href":"https:\/\/www.latteriaturnaria.it\/de\/wp-json\/wp\/v2\/product_tag?post=3831"}],"curies":[{"name":"wp","href":"https:\/\/api.w.org\/{rel}","templated":true}]}}