{"id":3837,"date":"2026-05-04T13:01:42","date_gmt":"2026-05-04T13:01:42","guid":{"rendered":"https:\/\/www.latteriaturnaria.it\/?post_type=product&#038;p=3837"},"modified":"2026-05-04T13:18:55","modified_gmt":"2026-05-04T13:18:55","slug":"la-meridiana-riviera-del-garda-classico-groppello-doc-biologisch","status":"publish","type":"product","link":"https:\/\/www.latteriaturnaria.it\/de\/produkt\/la-meridiana-riviera-del-garda-classico-groppello-doc-biologisch\/","title":{"rendered":"La Meridiana \u2013 Riviera del Garda Classico Groppello DOC, BIOLOGISCH"},"content":{"rendered":"<p>Der Groppello ist die autochthone Rebsorte der Valtenesi, eine Variet\u00e4t, die tief in der Geschichte und Tradition dieser Region verwurzelt ist. In unserem Weingut bauen wir ihn nach den Grunds\u00e4tzen des biologischen Anbaus an und respektieren dabei die nat\u00fcrlichen Rhythmen von Rebe und Boden. Das Ergebnis ist ein Wein mit Charakter und Pers\u00f6nlichkeit, mit einer edlen Tanninstruktur, die sich im Laufe der Zeit entwickelt.<\/p>\n","protected":false},"excerpt":{"rendered":"<p>Der Groppello ist die autochthone Rebsorte der Valtenesi, eine Variet\u00e4t,  [&#8230;]<\/p>\n","protected":false},"featured_media":3850,"comment_status":"closed","ping_status":"closed","template":"","meta":{"_acf_changed":false},"product_brand":[],"product_cat":[85],"product_tag":[],"class_list":{"0":"post-3837","1":"product","2":"type-product","3":"status-publish","4":"has-post-thumbnail","6":"product_cat-likoere-und-weine-aus-tignale","8":"first","9":"instock","10":"taxable","11":"shipping-taxable","12":"purchasable","13":"product-type-simple"},"acf":[],"_links":{"self":[{"href":"https:\/\/www.latteriaturnaria.it\/de\/wp-json\/wp\/v2\/product\/3837","targetHints":{"allow":["GET"]}}],"collection":[{"href":"https:\/\/www.latteriaturnaria.it\/de\/wp-json\/wp\/v2\/product"}],"about":[{"href":"https:\/\/www.latteriaturnaria.it\/de\/wp-json\/wp\/v2\/types\/product"}],"replies":[{"embeddable":true,"href":"https:\/\/www.latteriaturnaria.it\/de\/wp-json\/wp\/v2\/comments?post=3837"}],"wp:featuredmedia":[{"embeddable":true,"href":"https:\/\/www.latteriaturnaria.it\/de\/wp-json\/wp\/v2\/media\/3850"}],"wp:attachment":[{"href":"https:\/\/www.latteriaturnaria.it\/de\/wp-json\/wp\/v2\/media?parent=3837"}],"wp:term":[{"taxonomy":"product_brand","embeddable":true,"href":"https:\/\/www.latteriaturnaria.it\/de\/wp-json\/wp\/v2\/product_brand?post=3837"},{"taxonomy":"product_cat","embeddable":true,"href":"https:\/\/www.latteriaturnaria.it\/de\/wp-json\/wp\/v2\/product_cat?post=3837"},{"taxonomy":"product_tag","embeddable":true,"href":"https:\/\/www.latteriaturnaria.it\/de\/wp-json\/wp\/v2\/product_tag?post=3837"}],"curies":[{"name":"wp","href":"https:\/\/api.w.org\/{rel}","templated":true}]}}