{"id":2114,"date":"2023-08-29T00:14:48","date_gmt":"2023-08-29T00:14:48","guid":{"rendered":"https:\/\/www.latteriaturnaria.it\/spedizioni-e-resi\/"},"modified":"2023-11-03T11:11:04","modified_gmt":"2023-11-03T11:11:04","slug":"shipments-and-returns","status":"publish","type":"page","link":"https:\/\/www.latteriaturnaria.it\/en\/shipments-and-returns\/","title":{"rendered":"Shipments and returns"},"content":{"rendered":"<div class=\"fusion-fullwidth fullwidth-box fusion-builder-row-1 fusion-flex-container has-pattern-background has-mask-background nonhundred-percent-fullwidth non-hundred-percent-height-scrolling\" style=\"--awb-border-radius-top-left:0px;--awb-border-radius-top-right:0px;--awb-border-radius-bottom-right:0px;--awb-border-radius-bottom-left:0px;--awb-padding-top:90px;--awb-padding-top-small:30px;--awb-flex-wrap:wrap;\" ><div class=\"fusion-builder-row fusion-row fusion-flex-align-items-flex-start fusion-flex-content-wrap\" style=\"max-width:1747.2px;margin-left: calc(-4% \/ 2 );margin-right: calc(-4% \/ 2 );\"><div class=\"fusion-layout-column fusion_builder_column fusion-builder-column-0 fusion_builder_column_2_3 2_3 fusion-flex-column\" style=\"--awb-bg-size:cover;--awb-width-large:66.666666666667%;--awb-margin-top-large:0px;--awb-spacing-right-large:2.88%;--awb-margin-bottom-large:0px;--awb-spacing-left-large:2.88%;--awb-width-medium:66.666666666667%;--awb-order-medium:0;--awb-spacing-right-medium:2.88%;--awb-spacing-left-medium:2.88%;--awb-width-small:100%;--awb-order-small:0;--awb-spacing-right-small:1.92%;--awb-spacing-left-small:1.92%;\"><div class=\"fusion-column-wrapper fusion-column-has-shadow fusion-flex-justify-content-flex-start fusion-content-layout-column\"><div class=\"fusion-title title fusion-title-1 fusion-sep-none fusion-title-text fusion-title-size-two\" style=\"--awb-margin-top-small:0px;--awb-margin-right-small:0px;--awb-margin-bottom-small:10px;--awb-margin-left-small:0px;\"><h2 class=\"fusion-title-heading title-heading-left fusion-responsive-typography-calculated\" style=\"margin:0;--fontSize:42;line-height:var(--awb-typography1-line-height);\">Spedizioni<\/h2><\/div><div class=\"fusion-text fusion-text-1\"><p>La spedizione \u00e8 gratis per tutti gli ordini superiori a 200\u20ac. I tempi di consegna in Italia sono mediamente di 48 ore dall&#8217;ordine, ad esclusione dei giorni festivi. Per gli ordini di importo inferiore a 200\u20ac le spese di spedizione ammontano ad \u20ac 20. Non appena il tuo ordine sar\u00e0 confermato, prepareremo gli articoli per la spedizione, che sar\u00e0 affidata ad un corriere di nostra fiducia. Quando il tuo ordine sar\u00e0 spedito, riceverai un\u2019email di conferma.<\/p>\n<\/div><div class=\"fusion-title title fusion-title-2 fusion-sep-none fusion-title-text fusion-title-size-two\" style=\"--awb-margin-top-small:0px;--awb-margin-right-small:0px;--awb-margin-bottom-small:10px;--awb-margin-left-small:0px;\"><h2 class=\"fusion-title-heading title-heading-left fusion-responsive-typography-calculated\" style=\"margin:0;--fontSize:42;line-height:var(--awb-typography1-line-height);\">Resi<\/h2><\/div><div class=\"fusion-text fusion-text-2\"><p>Se ricevuto il tuo ordine non sei soddisfatto del contenuto, potrai restituire tutti o parte degli articoli acquistati contattandoci entro 3 giorni dal loro ricevimento. Il diritto di recesso \u00e8 esercitabile solo se il prodotto e la confezione risultano completamente integri.<\/p>\n<p><strong>La procedura per il reso \u00e8 molto semplice:<\/strong><\/p>\n<p>Verifica che il prodotto sia integro e completo di tutto ci\u00f2 che era presente nella confezione originale.<br \/>Inviaci una richiesta via mail all\u2019indirizzo <a href=\"mailto:ordini@latteriaturnaria.it\">ordini@latteriaturnaria.it<\/a> e attendi una conferma da parte di un nostro operatore.<br \/>Spedisci i prodotti, all\u2019indirizzo <strong>Latteria Turnaria di Tignale &#8211; Via XXIV Maggio 35, 25080 Tignale (BS)<\/strong>, utilizzando un corriere di tua fiducia e allegando il documento di consegna. Le operazioni di reso avvengono a tuo carico e sotto la tua responsabilit\u00e0.<br \/>Provvederemo a rimborsarti l\u2019importo completo con lo stesso metodo di pagamento utilizzato per effettuare l\u2019ordine, non appena ricevuto il prodotto e verificate le condizioni.<\/p>\n<\/div><\/div><\/div><div class=\"fusion-layout-column fusion_builder_column fusion-builder-column-1 fusion_builder_column_1_3 1_3 fusion-flex-column\" style=\"--awb-bg-size:cover;--awb-width-large:33.333333333333%;--awb-margin-top-large:0px;--awb-spacing-right-large:5.76%;--awb-margin-bottom-large:0px;--awb-spacing-left-large:5.76%;--awb-width-medium:33.333333333333%;--awb-order-medium:0;--awb-spacing-right-medium:5.76%;--awb-spacing-left-medium:5.76%;--awb-width-small:100%;--awb-order-small:0;--awb-spacing-right-small:1.92%;--awb-spacing-left-small:1.92%;\"><div class=\"fusion-column-wrapper fusion-column-has-shadow fusion-flex-justify-content-flex-start fusion-content-layout-column\"><div ><a class=\"fusion-button button-flat fusion-button-default-size button-custom fusion-button-default button-1 fusion-button-default-span fusion-button-default-type\" style=\"--awb-margin-bottom:10px;--button_accent_color:var(--awb-color1);--button_accent_hover_color:var(--awb-color1);--button_border_hover_color:var(--awb-color1);--button_gradient_top_color:var(--awb-color4);--button_gradient_bottom_color:var(--awb-color4);--button_gradient_top_color_hover:var(--awb-color5);--button_gradient_bottom_color_hover:var(--awb-color5);\" target=\"_self\" href=\"https:\/\/www.latteriaturnaria.it\/en\/terms-of-payment\/\"><span class=\"fusion-button-text awb-button__text awb-button__text--default\">Metodi di pagamento<\/span><i class=\"fa-angle-right fas awb-button__icon awb-button__icon--default button-icon-right\" aria-hidden=\"true\"><\/i><\/a><\/div><div ><a class=\"fusion-button button-flat fusion-button-default-size button-custom fusion-button-default button-2 fusion-button-default-span fusion-button-default-type\" style=\"--awb-margin-bottom:10px;--button_accent_color:var(--awb-color1);--button_accent_hover_color:var(--awb-color1);--button_border_hover_color:var(--awb-color1);--button_gradient_top_color:var(--awb-color4);--button_gradient_bottom_color:var(--awb-color4);--button_gradient_top_color_hover:var(--awb-color5);--button_gradient_bottom_color_hover:var(--awb-color5);\" target=\"_self\" href=\"https:\/\/www.latteriaturnaria.it\/en\/conditions-of-sale\/\"><span class=\"fusion-button-text awb-button__text awb-button__text--default\">Condizioni di vendita<\/span><i class=\"fa-angle-right fas awb-button__icon awb-button__icon--default button-icon-right\" aria-hidden=\"true\"><\/i><\/a><\/div><\/div><\/div><\/div><\/div>\n","protected":false},"excerpt":{"rendered":"","protected":false},"author":2,"featured_media":0,"parent":0,"menu_order":0,"comment_status":"closed","ping_status":"closed","template":"100-width.php","meta":{"_acf_changed":false,"footnotes":""},"class_list":["post-2114","page","type-page","status-publish","hentry"],"acf":[],"_links":{"self":[{"href":"https:\/\/www.latteriaturnaria.it\/en\/wp-json\/wp\/v2\/pages\/2114","targetHints":{"allow":["GET"]}}],"collection":[{"href":"https:\/\/www.latteriaturnaria.it\/en\/wp-json\/wp\/v2\/pages"}],"about":[{"href":"https:\/\/www.latteriaturnaria.it\/en\/wp-json\/wp\/v2\/types\/page"}],"author":[{"embeddable":true,"href":"https:\/\/www.latteriaturnaria.it\/en\/wp-json\/wp\/v2\/users\/2"}],"replies":[{"embeddable":true,"href":"https:\/\/www.latteriaturnaria.it\/en\/wp-json\/wp\/v2\/comments?post=2114"}],"version-history":[{"count":0,"href":"https:\/\/www.latteriaturnaria.it\/en\/wp-json\/wp\/v2\/pages\/2114\/revisions"}],"wp:attachment":[{"href":"https:\/\/www.latteriaturnaria.it\/en\/wp-json\/wp\/v2\/media?parent=2114"}],"curies":[{"name":"wp","href":"https:\/\/api.w.org\/{rel}","templated":true}]}}