{"id":2118,"date":"2023-08-29T00:26:13","date_gmt":"2023-08-29T00:26:13","guid":{"rendered":"https:\/\/www.latteriaturnaria.it\/condizioni-di-vendita\/"},"modified":"2023-11-03T11:11:06","modified_gmt":"2023-11-03T11:11:06","slug":"conditions-of-sale","status":"publish","type":"page","link":"https:\/\/www.latteriaturnaria.it\/en\/conditions-of-sale\/","title":{"rendered":"Conditions of sale"},"content":{"rendered":"<div class=\"fusion-fullwidth fullwidth-box fusion-builder-row-1 fusion-flex-container has-pattern-background has-mask-background nonhundred-percent-fullwidth non-hundred-percent-height-scrolling\" style=\"--awb-border-radius-top-left:0px;--awb-border-radius-top-right:0px;--awb-border-radius-bottom-right:0px;--awb-border-radius-bottom-left:0px;--awb-padding-top:90px;--awb-padding-top-small:30px;--awb-flex-wrap:wrap;\" ><div class=\"fusion-builder-row fusion-row fusion-flex-align-items-flex-start fusion-flex-content-wrap\" style=\"max-width:1747.2px;margin-left: calc(-4% \/ 2 );margin-right: calc(-4% \/ 2 );\"><div class=\"fusion-layout-column fusion_builder_column fusion-builder-column-0 fusion_builder_column_2_3 2_3 fusion-flex-column\" style=\"--awb-bg-size:cover;--awb-width-large:66.666666666667%;--awb-margin-top-large:0px;--awb-spacing-right-large:2.88%;--awb-margin-bottom-large:0px;--awb-spacing-left-large:2.88%;--awb-width-medium:66.666666666667%;--awb-order-medium:0;--awb-spacing-right-medium:2.88%;--awb-spacing-left-medium:2.88%;--awb-width-small:100%;--awb-order-small:0;--awb-spacing-right-small:1.92%;--awb-spacing-left-small:1.92%;\"><div class=\"fusion-column-wrapper fusion-column-has-shadow fusion-flex-justify-content-flex-start fusion-content-layout-column\"><div class=\"fusion-title title fusion-title-1 fusion-sep-none fusion-title-text fusion-title-size-two\" style=\"--awb-margin-top-small:0px;--awb-margin-right-small:0px;--awb-margin-bottom-small:10px;--awb-margin-left-small:0px;\"><h2 class=\"fusion-title-heading title-heading-left fusion-responsive-typography-calculated\" style=\"margin:0;--fontSize:42;line-height:var(--awb-typography1-line-height);\">Condizioni generali di vendita<\/h2><\/div><div class=\"fusion-text fusion-text-1\"><p>1. Modalit\u00e0 di acquisto;<br \/>\n2. Prezzi dei prodotti;<br \/>\n3. Consegna dei prodotti;<br \/>\n4. Garanzia;<br \/>\n5. Pagamento;<br \/>\n6. Diritto di recesso;<br \/>\n7. Privacy;<br \/>\n8. Legge applicabile e foro competente.<\/p>\n<h3>1. Modalit\u00e0 di acquisto<\/h3>\n<p>Collegandoti al sito puoi acquistare direttamente i nostri prodotti, visionando le loro specifiche tecniche. Puoi inserire nel tuo carrello spesa i prodotti che preferisci e qualora desiderassi acquistarli ti baster\u00e0 ciccare il pulsante \u201cAcquista\u201d, operazione che non ti impegna all\u2019acquisto. Successivamente apparir\u00e0 un modulo d\u2019ordine in cui dovrai inserire i tuoi dati personali, scegliere il pagamento e l\u2019indirizzo di spedizione. L\u2019invio conferma l\u2019ordine di acquisto. Una volta confermate le specifiche dell\u2019ordine e la correttezza dei dati inseriti, il modulo d\u2019ordine sar\u00e0 trasmesso ad Latteria Turnaria di Tignale. La stessa si riserva il diritto di non procedere alla consegna, se in seguito a controlli effettuati, i dati inseriti risultino non corretti o incompleti.<\/p>\n<h3>2. Trasparenza dei prezzi dei prodotti<\/h3>\n<p>I prezzi indicati per tutti i prodotti che si trovano nel negozio online si intendono IVA inclusa. Le spese di trasporto sono evidenziate nella formazione del prezzo totale dell\u2019ordine e variano a seconda del luogo di destinazione dei prodotti.<\/p>\n<h3>3. Consegna dei prodotti<\/h3>\n<p>I nostri prodotti viaggiano con \u201ccorriere espresso\u201d, che assicura in Italia ed all\u2019estero la consegna a domicilio nelle 48 &#8211; 72 ore dalla partenza. Per motivi logistici, gli ordini vengono consegnati al corriere dal Marted\u00ec al Venerd\u00ec. Tutti i nostri prodotti viaggiano all\u2019interno di un contenitore in cartone.<br \/>\nAl momento dell\u2019ordine \u00e8 necessario indicare un indirizzo presso cui sia presente per l\u2019intera giornata una persona che possa ritirare l\u2019ordine. Se ci\u00f2 non avviene ed il corriere non pu\u00f2 eseguire la consegna, la responsabilit\u00e0 \u00e8 esclusivamente del cliente, che dovr\u00e0 personalmente telefonare alla sede del corriere di competenza per concordare l\u2019orario di un\u2019eventuale successiva riconsegna, oppure recarsi presso la medesima per ritirare la merce.<\/p>\n<p>&nbsp;<\/p>\n<h3>4. Garanzia<\/h3>\n<p>Latteria Turnaria di Tignale assicura la conformit\u00e0 dei prodotti alle specifiche da te indicate nel modulo d\u2019ordine.<\/p>\n<p>&nbsp;<\/p>\n<h3>5. Pagamento<\/h3>\n<p>Il pagamento della cifra corrispondente all\u2019ordine inoltrato a Latteria Turnaria di Tignale potr\u00e0 avvenire nei seguenti modi:<br \/>\n-con carta di credito direttamente da casa vostra e riceverete conferma dalla Banca del Pagamento.<\/p>\n<h3>6. Diritto di recesso<\/h3>\n<p>Come previsto dal Decreto Legislativo 22 maggio 1999 n. 185, relativo alla tutela del consumatore in materia di contratti a distanza, se Lei \u00e8 un consumatore che ha agito per scopi estranei alla Sua attivit\u00e0 professionale pu\u00f2 recedere dal contratto di acquisto, restituendo a Latteria Turnaria di Tignale la merce acquistata ed ottenendo il rimborso del prezzo pagato, senza oneri aggiuntivi o penalit\u00e0 a Suo carico. Pu\u00f2 recedere dall\u2019acquisto nel termine di 10 giorni lavorativi dal ricevimento del prodotto\/i da Lei acquistati seguendo la procedura di Recesso spiegata sotto. Tale diritto non \u00e8 comunque esercitatile nei seguenti casi:<\/p>\n<ul>\n<li>Beni alimentari deperibili, visto il comma 1 dell\u2019art. 3 del Decreto Legislativo n. 50\/92 e visto il comma 3 dell\u2019art. 5 del Decreto Legislativo n. 185\/99;<\/li>\n<li>Beni confezionati su misura o chiaramente personalizzati o che, per loro natura, non possono essere rispediti o rischiano di deteriorarsi o di alterarsi rapidamente;<\/li>\n<li>Prodotti confezionati e sigillati aperti dal cliente.<\/li>\n<\/ul>\n<p><strong>PROCEDURA DI RECESSO<\/strong><br \/>\nNel caso di esercizio del diritto di recesso dovr\u00e0 provvedere alla restituzione della merce ricevuta a proprie spese, integra e non usata, a Latteria Turnaria di Tignale, entro il termine di 10 giorni lavorativi decorrenti dalla data di ricevimento della merce, allegando copia della fattura o d.d.t. La restituzione dovr\u00e0 avvenire a mezzo assicurata porto franco. Non saranno accettati pacchi in contrassegno o in porto assegnato. Latteria Turnaria di Tignale provveder\u00e0 al rimborso mediante bonifico bancario, dopo la ricezione della comunicazione nella quale il consumatore ha espresso la volont\u00e0 di Le spese di spedizione e consegna a domicilio resteranno a carico del consumatore. Condizione per esercitare il diritto di recesso \u00e8 la sostanziale integrit\u00e0 del prodotto e della confezione.<\/p>\n<p>&nbsp;<\/p>\n<h3>7. Privacy<\/h3>\n<p>INFORMATIVA AI SENSI DELL\u2019ARTICOLO 13 REGOLAMENTO UE 2016\/679 o GDPR<\/p>\n<h4>a.\u00a0 TITOLARE DEL TRATTAMENTO:<\/h4>\n<p>Il Titolare del trattamento per i dati \u00e8 Latteria Turnaria di Tignale e potr\u00e0 essere contattato presso i seguenti indirizzi:<\/p>\n<ul>\n<li>Email: <a href=\"mailto:info@latteriaturnaria.it\">info@latteriaturnaria.it<\/a><\/li>\n<\/ul>\n<h4>b.\u00a0 FINALIT\u00c0 DEL TRATTAMENTO E BASE GIURIDICA<\/h4>\n<p>i dati raccolti (nome, cognome, numero di telefono, contatto email) in formato informatico sono raccolti con le seguenti finalit\u00e0:<\/p>\n<ol>\n<li><i>Finalizzare l\u2019acquisto<\/i><\/li>\n<li><i>Fatturazione<\/i><\/li>\n<li><i>Tracking del mezzo<\/i><\/li>\n<\/ol>\n<p>Lo scopo per cui trattiamo i tuoi dati \u00e8 strettamente legato a finalizzare l\u2019acquisto, non prevede consenso ed \u00e8 basato sull\u2019art 6 lett. b del GDPR (<i>il trattamento \u00e8 necessario all&#8217;esecuzione di un contratto di cui l&#8217;interessato \u00e8 parte o all&#8217;esecuzione di misure precontrattuali adottate su richiesta dello stesso<\/i>);<\/p>\n<h4>c.\u00a0\u00a0\u00a0\u00a0 AMBITI DI COMUNICAZIONE<\/h4>\n<p>Per lo svolgimento delle attivit\u00e0 descritte ai punti precedenti pu\u00f2 rendersi necessaria la comunicazione dei dati acquisiti ai seguenti soggetti:<\/p>\n<ol start=\"1\" type=\"1\">\n<li>Dipendenti incaricati;<\/li>\n<\/ol>\n<h4>d.\u00a0\u00a0\u00a0 PERIODO DI CONSERVAZIONE DEI DATI<\/h4>\n<p>Tutta la documentazione raccolta sar\u00e0 conservata per un periodo di tempo strettamente necessario a perseguire quanto previsto le finalit\u00e0 al punto b) e successivamente verr\u00e0 distrutta.<\/p>\n<h4>e.\u00a0\u00a0\u00a0\u00a0 NATURA DEL CONFERIMENTO DEI DATI E CONSEGUENZA DI UN EVENTUALE RIFIUTO<\/h4>\n<p>Il mancato conferimento dei dati necessari al perseguimento delle finalit\u00e0 non permetter\u00e0 di rispondere alle richieste eventualmente pervenute.<\/p>\n<h4>f.\u00a0\u00a0\u00a0\u00a0\u00a0 DIRITTI DI CUI ALGLI ARTICOLI DA 15 A 22<\/h4>\n<p>Nella Sua qualit\u00e0 di interessato, ha i diritti di cui agli artt. 15 e ss. del GDPR e precisamente i diritti di:<\/p>\n<ol>\n<li>Ottenere dal titolare del trattamento la conferma che sia o meno in corso un trattamento di dati personali che la riguardano e in tal caso, di ottenere l&#8217;accesso ai dati personali e alle seguenti informazioni: finalit\u00e0 del trattamento; categorie di dati personali in questione; destinatari o le categorie di destinatari a cui i dati personali sono stati o saranno comunicati, il periodo di conservazione dei dati personali previsto;<\/li>\n<li>Chiedere, ove applicabile, al titolare del trattamento la rettifica o la cancellazione dei dati personali o la limitazione del trattamento dei dati personali che la riguardano o di opporsi al loro trattamento;<\/li>\n<li>Proporre reclamo a un&#8217;autorit\u00e0 di controllo;<\/li>\n<li>Ricevere, ove possibile, una copia dei dati personali oggetto di trattamento da parte del Titolare del trattamento. In caso di ulteriori copie richieste dall&#8217;interessato, il titolare del trattamento pu\u00f2 addebitare un contributo spese ragionevole basato sui costi amministrativi. Se l&#8217;interessato presenta la richiesta mediante mezzi elettronici, e salvo indicazione diversa dell&#8217;interessato, le informazioni sono fornite in un formato elettronico di uso comune. Tale diritto non deve ledere i diritti e le libert\u00e0 altrui.<\/li>\n<\/ol>\n<p>&nbsp;<\/p>\n<h3>8. Legge applicabile e foro competente<\/h3>\n<p>I contratti disciplinati dalle presenti Condizioni Generali sono regolati dalla Legge Italiana. Per qualsiasi controversia derivante dall\u2019esecuzione dei contratti disciplinati dalle presenti Condizioni Generali sar\u00e0 competente in via esclusiva il Foro di residenza o di domicilio dell\u2019Acquirente. Ai sensi e per gli effetti degli articoli 1341 e 1342 c.c. dichiaro di avere attentamente letto e compreso le presenti Condizioni Generali di Vendita e di accettare espressamente le seguenti clausole : 1,2,3,4,5,6,7,8.<\/p>\n<p><strong>Risoluzione online delle controversie per i consumatori<\/strong><br \/>\nIl consumatore residente in Europa deve essere a conoscenza del fatto che la Commissione Europea ha istituito una piattaforma online che fornisce uno strumento di risoluzione alternativa delle controversie. Tale strumento pu\u00f2 essere utilizzato dal consumatore europeo per risolvere in via non giudiziale ogni controversia relativa a e\/o derivante da contratti di vendita di beni e servizi stipulati in rete. Di conseguenza, se sei un consumatore europeo, puoi usare tale piattaforma per la risoluzione di ogni disputa nascente dal contratto online stipulato con il Titolare. La piattaforma \u00e8 disponibile al seguente link <a href=\"http:\/\/ec.europa.eu\/consumers\/odr\/\" target=\"_blank\" rel=\"noopener\">http:\/\/ec.europa.eu\/consumers\/odr\/<\/a>.<\/p>\n<\/div><\/div><\/div><div class=\"fusion-layout-column fusion_builder_column fusion-builder-column-1 fusion_builder_column_1_3 1_3 fusion-flex-column\" style=\"--awb-bg-size:cover;--awb-width-large:33.333333333333%;--awb-margin-top-large:0px;--awb-spacing-right-large:5.76%;--awb-margin-bottom-large:0px;--awb-spacing-left-large:5.76%;--awb-width-medium:33.333333333333%;--awb-order-medium:0;--awb-spacing-right-medium:5.76%;--awb-spacing-left-medium:5.76%;--awb-width-small:100%;--awb-order-small:0;--awb-spacing-right-small:1.92%;--awb-spacing-left-small:1.92%;\"><div class=\"fusion-column-wrapper fusion-column-has-shadow fusion-flex-justify-content-flex-start fusion-content-layout-column\"><div ><a class=\"fusion-button button-flat fusion-button-default-size button-custom fusion-button-default button-1 fusion-button-default-span fusion-button-default-type\" style=\"--awb-margin-bottom:10px;--button_accent_color:var(--awb-color1);--button_accent_hover_color:var(--awb-color1);--button_border_hover_color:var(--awb-color1);--button_gradient_top_color:var(--awb-color4);--button_gradient_bottom_color:var(--awb-color4);--button_gradient_top_color_hover:var(--awb-color5);--button_gradient_bottom_color_hover:var(--awb-color5);\" target=\"_self\" href=\"https:\/\/www.latteriaturnaria.it\/en\/terms-of-payment\/\"><span class=\"fusion-button-text awb-button__text awb-button__text--default\">Metodi di pagamento<\/span><i class=\"fa-angle-right fas awb-button__icon awb-button__icon--default button-icon-right\" aria-hidden=\"true\"><\/i><\/a><\/div><div ><a class=\"fusion-button button-flat fusion-button-default-size button-custom fusion-button-default button-2 fusion-button-default-span fusion-button-default-type\" style=\"--awb-margin-bottom:10px;--button_accent_color:var(--awb-color1);--button_accent_hover_color:var(--awb-color1);--button_border_hover_color:var(--awb-color1);--button_gradient_top_color:var(--awb-color4);--button_gradient_bottom_color:var(--awb-color4);--button_gradient_top_color_hover:var(--awb-color5);--button_gradient_bottom_color_hover:var(--awb-color5);\" target=\"_self\" href=\"https:\/\/www.latteriaturnaria.it\/en\/shipments-and-returns\/\"><span class=\"fusion-button-text awb-button__text awb-button__text--default\">Shipments and returns<\/span><i class=\"fa-angle-right fas awb-button__icon awb-button__icon--default button-icon-right\" aria-hidden=\"true\"><\/i><\/a><\/div><\/div><\/div><\/div><\/div>\n","protected":false},"excerpt":{"rendered":"","protected":false},"author":2,"featured_media":0,"parent":0,"menu_order":0,"comment_status":"closed","ping_status":"closed","template":"100-width.php","meta":{"_acf_changed":false,"footnotes":""},"class_list":["post-2118","page","type-page","status-publish","hentry"],"acf":[],"_links":{"self":[{"href":"https:\/\/www.latteriaturnaria.it\/en\/wp-json\/wp\/v2\/pages\/2118","targetHints":{"allow":["GET"]}}],"collection":[{"href":"https:\/\/www.latteriaturnaria.it\/en\/wp-json\/wp\/v2\/pages"}],"about":[{"href":"https:\/\/www.latteriaturnaria.it\/en\/wp-json\/wp\/v2\/types\/page"}],"author":[{"embeddable":true,"href":"https:\/\/www.latteriaturnaria.it\/en\/wp-json\/wp\/v2\/users\/2"}],"replies":[{"embeddable":true,"href":"https:\/\/www.latteriaturnaria.it\/en\/wp-json\/wp\/v2\/comments?post=2118"}],"version-history":[{"count":0,"href":"https:\/\/www.latteriaturnaria.it\/en\/wp-json\/wp\/v2\/pages\/2118\/revisions"}],"wp:attachment":[{"href":"https:\/\/www.latteriaturnaria.it\/en\/wp-json\/wp\/v2\/media?parent=2118"}],"curies":[{"name":"wp","href":"https:\/\/api.w.org\/{rel}","templated":true}]}}